{"id":2,"date":"2021-04-01T08:05:08","date_gmt":"2021-04-01T08:05:08","guid":{"rendered":"http:\/\/litba.com\/?page_id=2"},"modified":"2021-04-01T08:47:43","modified_gmt":"2021-04-01T08:47:43","slug":"sample-page","status":"publish","type":"page","link":"http:\/\/litba.com\/","title":{"rendered":"S\u0130TEM\u0130Z YAPIM A\u015eAMASINDADIR"},"content":{"rendered":"\n<figure class=\"wp-block-image size-full\"><img decoding=\"async\" loading=\"lazy\" width=\"1886\" height=\"2560\" src=\"http:\/\/litba.com\/wp-content\/uploads\/2021\/04\/LITBA-BISIKLET-BATARYA-KATALOGU-2-scaled.jpg\" alt=\"\" class=\"wp-image-7\" srcset=\"http:\/\/litba.com\/wp-content\/uploads\/2021\/04\/LITBA-BISIKLET-BATARYA-KATALOGU-2-scaled.jpg 1886w, http:\/\/litba.com\/wp-content\/uploads\/2021\/04\/LITBA-BISIKLET-BATARYA-KATALOGU-2-221x300.jpg 221w, http:\/\/litba.com\/wp-content\/uploads\/2021\/04\/LITBA-BISIKLET-BATARYA-KATALOGU-2-754x1024.jpg 754w, http:\/\/litba.com\/wp-content\/uploads\/2021\/04\/LITBA-BISIKLET-BATARYA-KATALOGU-2-768x1042.jpg 768w, http:\/\/litba.com\/wp-content\/uploads\/2021\/04\/LITBA-BISIKLET-BATARYA-KATALOGU-2-1132x1536.jpg 1132w, http:\/\/litba.com\/wp-content\/uploads\/2021\/04\/LITBA-BISIKLET-BATARYA-KATALOGU-2-1509x2048.jpg 1509w, http:\/\/litba.com\/wp-content\/uploads\/2021\/04\/LITBA-BISIKLET-BATARYA-KATALOGU-2-1568x2128.jpg 1568w\" sizes=\"(max-width: 1886px) 100vw, 1886px\" \/><\/figure>\n\n\n\n<p class=\"has-white-color has-text-color\" style=\"font-size:32px\"><strong>S\u0130ZLERE DAHA \u0130Y\u0130 H\u0130ZMET VEREB\u0130LMEK ADINA S\u0130TEM\u0130Z YAPIM A\u015eAMASINDADIR. ANLAYI\u015eINIZ \u0130\u00c7\u0130N TE\u015eEKK\u00dcR EDER\u0130Z.<\/strong><\/p>\n\n\n\n<p>\u0130LET\u0130\u015e\u0130M <\/p>\n\n\n\n<p>TEL: +90 212 639 07 50<br>FAX: +90 212 639 07 54<\/p>\n","protected":false},"excerpt":{"rendered":"<p>S\u0130ZLERE DAHA \u0130Y\u0130 H\u0130ZMET VEREB\u0130LMEK ADINA S\u0130TEM\u0130Z YAPIM A\u015eAMASINDADIR. ANLAYI\u015eINIZ \u0130\u00c7\u0130N TE\u015eEKK\u00dcR EDER\u0130Z. \u0130LET\u0130\u015e\u0130M TEL: +90 212 639 07 50FAX: +90 212 639 07 54<\/p>\n","protected":false},"author":1,"featured_media":0,"parent":0,"menu_order":0,"comment_status":"closed","ping_status":"open","template":"","meta":[],"_links":{"self":[{"href":"http:\/\/litba.com\/index.php\/wp-json\/wp\/v2\/pages\/2"}],"collection":[{"href":"http:\/\/litba.com\/index.php\/wp-json\/wp\/v2\/pages"}],"about":[{"href":"http:\/\/litba.com\/index.php\/wp-json\/wp\/v2\/types\/page"}],"author":[{"embeddable":true,"href":"http:\/\/litba.com\/index.php\/wp-json\/wp\/v2\/users\/1"}],"replies":[{"embeddable":true,"href":"http:\/\/litba.com\/index.php\/wp-json\/wp\/v2\/comments?post=2"}],"version-history":[{"count":10,"href":"http:\/\/litba.com\/index.php\/wp-json\/wp\/v2\/pages\/2\/revisions"}],"predecessor-version":[{"id":29,"href":"http:\/\/litba.com\/index.php\/wp-json\/wp\/v2\/pages\/2\/revisions\/29"}],"wp:attachment":[{"href":"http:\/\/litba.com\/index.php\/wp-json\/wp\/v2\/media?parent=2"}],"curies":[{"name":"wp","href":"https:\/\/api.w.org\/{rel}","templated":true}]}}